{"id":7994,"date":"2022-12-05T19:41:04","date_gmt":"2022-12-05T18:41:04","guid":{"rendered":"https:\/\/domaine-mordoree.demo-ca.biz\/?page_id=7994"},"modified":"2023-01-13T17:07:31","modified_gmt":"2023-01-13T16:07:31","slug":"coming-soon","status":"publish","type":"page","link":"https:\/\/domaine-mordoree.demo-ca.biz\/en\/coming-soon\/","title":{"rendered":"Coming soon"},"content":{"rendered":"<p>[et_pb_section fb_built=&#8221;1&#8243; custom_padding_last_edited=&#8221;on|phone&#8221; _builder_version=&#8221;4.19.0&#8243; _module_preset=&#8221;default&#8221; background_color=&#8221;#F7F5F0&#8243; custom_padding=&#8221;0px||0px||true|false&#8221; custom_padding_tablet=&#8221;50px||0px||false|false&#8221; custom_padding_phone=&#8221;50px||0px||false|false&#8221; global_colors_info=&#8221;{}&#8221;][et_pb_row column_structure=&#8221;1_2,1_2&#8243; use_custom_gutter=&#8221;on&#8221; gutter_width=&#8221;1&#8243; _builder_version=&#8221;4.19.0&#8243; _module_preset=&#8221;default&#8221; width=&#8221;100%&#8221; module_alignment=&#8221;center&#8221; custom_padding=&#8221;0px||0px||false|false&#8221; module_alignment_tablet=&#8221;center&#8221; module_alignment_phone=&#8221;center&#8221; module_alignment_last_edited=&#8221;on|desktop&#8221; custom_css_main_element=&#8221;display: flex;||align-items: center;||&#8221; global_colors_info=&#8221;{}&#8221; custom_css_main_element_last_edited=&#8221;on|desktop&#8221; custom_css_main_element_tablet=&#8221; &#8221; custom_css_main_element_phone=&#8221; &#8220;][et_pb_column type=&#8221;1_2&#8243; _builder_version=&#8221;4.19.0&#8243; _module_preset=&#8221;default&#8221; custom_padding=&#8221;|||10%|false|false&#8221; custom_padding_tablet=&#8221;|50px|50px|50px|false|true&#8221; custom_padding_phone=&#8221;|25px|25px|25px|false|true&#8221; custom_padding_last_edited=&#8221;on|phone&#8221; global_colors_info=&#8221;{}&#8221;][et_pb_text module_class=&#8221;becasseAfterTopRight&#8221; _builder_version=&#8221;4.19.0&#8243; _module_preset=&#8221;default&#8221; custom_css_main_element=&#8221;font-weight: 400;&#8221; global_colors_info=&#8221;{}&#8221; custom_css_main_element_last_edited=&#8221;on|desktop&#8221; custom_css_main_element_tablet=&#8221;font-weight: 400;&#8221; custom_css_main_element_phone=&#8221;font-weight: 400;&#8221;]<\/p>\n<h6>Nouveaut\u00e9<\/h6>\n<h2>Notre e-boutique<br \/>\narrive bient\u00f4t !<\/h2>\n<p>Inscrivez-vous \u00e0 notre newsletter pour \u00eatre inform\u00e9 de sa mise en ligne.<\/p>\n<p>[\/et_pb_text][et_pb_text module_class=&#8221;newsletterComingSoon&#8221; _builder_version=&#8221;4.19.0&#8243; _module_preset=&#8221;default&#8221; global_colors_info=&#8221;{}&#8221;]<\/p>\n\n<div class=\"wpcf7 no-js\" id=\"wpcf7-f8244-o1\" lang=\"en-US\" dir=\"ltr\">\n<div class=\"screen-reader-response\"><p role=\"status\" aria-live=\"polite\" aria-atomic=\"true\"><\/p> <ul><\/ul><\/div>\n<form action=\"\/en\/wp-json\/wp\/v2\/pages\/7994#wpcf7-f8244-o1\" method=\"post\" class=\"wpcf7-form init\" aria-label=\"Contact form\" novalidate=\"novalidate\" data-status=\"init\">\n<div style=\"display: none;\">\n<input type=\"hidden\" name=\"_wpcf7\" value=\"8244\" \/>\n<input type=\"hidden\" name=\"_wpcf7_version\" value=\"5.9.5\" \/>\n<input type=\"hidden\" name=\"_wpcf7_locale\" value=\"en_US\" \/>\n<input type=\"hidden\" name=\"_wpcf7_unit_tag\" value=\"wpcf7-f8244-o1\" \/>\n<input type=\"hidden\" name=\"_wpcf7_container_post\" value=\"0\" \/>\n<input type=\"hidden\" name=\"_wpcf7_posted_data_hash\" value=\"\" \/>\n<input type=\"hidden\" name=\"_wpcf7_recaptcha_response\" value=\"\" \/>\n<\/div>\n<p><span class=\"wpcf7-form-control-wrap\" data-name=\"email\"><input size=\"40\" class=\"wpcf7-form-control wpcf7-email wpcf7-validates-as-required wpcf7-text wpcf7-validates-as-email\" aria-required=\"true\" aria-invalid=\"false\" placeholder=\"Your email address\" value=\"\" type=\"email\" name=\"email\" \/><\/span><br \/>\n<button type=\"submit\">Subscribe<\/button>\n<\/p><div class=\"wpcf7-response-output\" aria-hidden=\"true\"><\/div>\n<\/form>\n<\/div>\n\n<p>[\/et_pb_text][et_pb_text module_class=&#8221;socialComingSoon&#8221; _builder_version=&#8221;4.19.0&#8243; _module_preset=&#8221;default&#8221; custom_padding=&#8221;||||false|false&#8221; custom_css_main_element=&#8221;position: absolute;||bottom: -200px;||width: 70%;&#8221; global_colors_info=&#8221;{}&#8221; custom_css_main_element_last_edited=&#8221;on|tablet&#8221; custom_css_main_element_tablet=&#8221;bottom: 0;&#8221; custom_css_main_element_phone=&#8221;bottom: 0;&#8221;]<\/p>\n<p><a href=\"https:\/\/www.instagram.com\/domaine_mordoree\/?hl=fr\" target=\"_blank\" rel=\"noopener\"><img loading=\"lazy\" decoding=\"async\" class=\"wp-image-6398 aligncenter size-medium\" src=\"http:\/\/domaine-mordoree.demo-ca.biz\/wp-content\/uploads\/2022\/12\/instagramLogo.svg\" alt=\"\" width=\"27\" height=\"27\" \/><\/a><a href=\"https:\/\/www.facebook.com\/domaine.mordoree\/\" target=\"_blank\" rel=\"noopener\"><img loading=\"lazy\" decoding=\"async\" class=\"wp-image-6397 aligncenter size-full\" src=\"http:\/\/domaine-mordoree.demo-ca.biz\/wp-content\/uploads\/2022\/12\/facebookLogo.png\" alt=\"\" width=\"10\" height=\"23\" \/><\/a><\/p>\n<p>[\/et_pb_text][\/et_pb_column][et_pb_column type=&#8221;1_2&#8243; _builder_version=&#8221;4.19.0&#8243; _module_preset=&#8221;default&#8221; background_enable_image=&#8221;off&#8221; global_colors_info=&#8221;{}&#8221;][et_pb_divider show_divider=&#8221;off&#8221; _builder_version=&#8221;4.19.0&#8243; _module_preset=&#8221;default&#8221; background_image=&#8221;http:\/\/domaine-mordoree.demo-ca.biz\/wp-content\/uploads\/2022\/12\/DSC06549-scaled.jpg&#8221; min_height=&#8221;950px&#8221; filter_brightness=&#8221;108%&#8221; filter_contrast=&#8221;67%&#8221; global_colors_info=&#8221;{}&#8221;][\/et_pb_divider][\/et_pb_column][\/et_pb_row][\/et_pb_section]<\/p>\n","protected":false},"excerpt":{"rendered":"<p>La e-boutique Domaine de la Mordor\u00e9e est bient\u00f4t en ligne. Acheter nos grands crus Ch\u00e2teauneuf-du-Pape, Tavel, Condrieu, C\u00f4tes-du-Rh\u00f4ne&#8230;<\/p>\n","protected":false},"author":1,"featured_media":0,"parent":0,"menu_order":0,"comment_status":"closed","ping_status":"closed","template":"","meta":{"_acf_changed":false,"_seopress_robots_primary_cat":"","_seopress_titles_title":"","_seopress_titles_desc":"","_seopress_robots_index":"","_et_pb_use_builder":"on","_et_pb_old_content":"","_et_gb_content_width":"","inline_featured_image":false,"_mbp_gutenberg_autopost":false,"footnotes":""},"class_list":["post-7994","page","type-page","status-publish","hentry"],"acf":[],"_links":{"self":[{"href":"https:\/\/domaine-mordoree.demo-ca.biz\/en\/wp-json\/wp\/v2\/pages\/7994","targetHints":{"allow":["GET"]}}],"collection":[{"href":"https:\/\/domaine-mordoree.demo-ca.biz\/en\/wp-json\/wp\/v2\/pages"}],"about":[{"href":"https:\/\/domaine-mordoree.demo-ca.biz\/en\/wp-json\/wp\/v2\/types\/page"}],"author":[{"embeddable":true,"href":"https:\/\/domaine-mordoree.demo-ca.biz\/en\/wp-json\/wp\/v2\/users\/1"}],"replies":[{"embeddable":true,"href":"https:\/\/domaine-mordoree.demo-ca.biz\/en\/wp-json\/wp\/v2\/comments?post=7994"}],"version-history":[{"count":0,"href":"https:\/\/domaine-mordoree.demo-ca.biz\/en\/wp-json\/wp\/v2\/pages\/7994\/revisions"}],"wp:attachment":[{"href":"https:\/\/domaine-mordoree.demo-ca.biz\/en\/wp-json\/wp\/v2\/media?parent=7994"}],"curies":[{"name":"wp","href":"https:\/\/api.w.org\/{rel}","templated":true}]}}