{"id":8038,"date":"2022-11-14T10:10:33","date_gmt":"2022-11-14T09:10:33","guid":{"rendered":"https:\/\/domaine-mordoree.demo-ca.biz\/?page_id=8038"},"modified":"2023-05-26T15:48:13","modified_gmt":"2023-05-26T13:48:13","slug":"home","status":"publish","type":"page","link":"https:\/\/domaine-mordoree.demo-ca.biz\/en\/","title":{"rendered":"Home"},"content":{"rendered":"<p>[et_pb_section fb_built=&#8221;1&#8243; module_class=&#8221;landingVideo&#8221; _builder_version=&#8221;4.19.0&#8243; _module_preset=&#8221;default&#8221; background_color=&#8221;#FFFFFF&#8221; background_image=&#8221;http:\/\/domaine-mordoree.demo-ca.biz\/wp-content\/uploads\/2022\/11\/vigne.png&#8221; parallax=&#8221;on&#8221; background_blend=&#8221;difference&#8221; background_video_mp4=&#8221;http:\/\/domaine-mordoree.demo-ca.biz\/wp-content\/uploads\/2022\/11\/DomaineMordoree.mp4&#8243; min_height=&#8221;900px&#8221; min_height_tablet=&#8221;900px&#8221; min_height_phone=&#8221;&#8221; min_height_last_edited=&#8221;on|phone&#8221; height_tablet=&#8221;750px&#8221; height_phone=&#8221;750px&#8221; height_last_edited=&#8221;on|tablet&#8221; max_height=&#8221;1080px&#8221; max_height_tablet=&#8221;1080px&#8221; max_height_phone=&#8221;100vh&#8221; max_height_last_edited=&#8221;on|phone&#8221; scroll_vertical_motion=&#8221;0|20|20|100|2|0|-2&#8243; motion_trigger_start=&#8221;top&#8221; custom_css_main_element=&#8221;display: flex;||align-items: center;&#8221; global_colors_info=&#8221;{}&#8221;][et_pb_row column_structure=&#8221;1_2,1_2&#8243; disabled_on=&#8221;on|on|on&#8221; _builder_version=&#8221;4.19.0&#8243; _module_preset=&#8221;default&#8221; width=&#8221;85%&#8221; module_alignment=&#8221;center&#8221; custom_margin=&#8221;0px||0px||false|false&#8221; custom_margin_tablet=&#8221;250px||||false|false&#8221; custom_margin_phone=&#8221;150px||||false|false&#8221; custom_margin_last_edited=&#8221;on|desktop&#8221; custom_padding=&#8221;||||false|false&#8221; disabled=&#8221;on&#8221; global_colors_info=&#8221;{}&#8221;][et_pb_column type=&#8221;1_2&#8243; _builder_version=&#8221;4.19.0&#8243; _module_preset=&#8221;default&#8221; global_colors_info=&#8221;{}&#8221;][et_pb_text _builder_version=&#8221;4.19.0&#8243; _module_preset=&#8221;default&#8221; global_colors_info=&#8221;{}&#8221;]<\/p>\n<p><span style=\"color: #ffffff;\">FOR LOVE OF EARTH<\/span><\/p>\n<h1><span style=\"color: #ffffff;\">Organic and Biodynamic<br \/>vineyard<\/span><\/h1>\n<p>[\/et_pb_text][et_pb_button button_url=&#8221;@ET-DC@eyJkeW5hbWljIjp0cnVlLCJjb250ZW50IjoicG9zdF9saW5rX3VybF9wYWdlIiwic2V0dGluZ3MiOnsicG9zdF9pZCI6IjgwMDIifX0=@&#8221; button_text=&#8221;Discover the domaine&#8221; button_alignment=&#8221;left&#8221; module_class=&#8221;customBtnBorderWhite&#8221; _builder_version=&#8221;4.19.0&#8243; _dynamic_attributes=&#8221;button_url&#8221; _module_preset=&#8221;f6ac5712-11ef-4743-bf85-d215ac7f0882&#8243; button_text_color=&#8221;#393434&#8243; custom_margin=&#8221;-25px||||false|false&#8221; custom_padding=&#8221;10px|19px|10px|19px|true|true&#8221; global_colors_info=&#8221;{}&#8221; button_text_color__hover_enabled=&#8221;on|hover&#8221; button_text_color__hover=&#8221;#FFFFFF&#8221; custom_css_main_element__hover_enabled=&#8221;on|hover&#8221; custom_css_main_element__hover=&#8221;color: white!important;&#8221; button_bg_color__hover_enabled=&#8221;on|hover&#8221;][\/et_pb_button][\/et_pb_column][et_pb_column type=&#8221;1_2&#8243; _builder_version=&#8221;4.19.0&#8243; _module_preset=&#8221;default&#8221; global_colors_info=&#8221;{}&#8221;][\/et_pb_column][\/et_pb_row][et_pb_row module_class=&#8221;videoAlignBottom&#8221; _builder_version=&#8221;4.19.0&#8243; _module_preset=&#8221;default&#8221; module_alignment=&#8221;center&#8221; global_colors_info=&#8221;{}&#8221;][et_pb_column type=&#8221;4_4&#8243; _builder_version=&#8221;4.19.0&#8243; _module_preset=&#8221;default&#8221; global_colors_info=&#8221;{}&#8221;][et_pb_button button_url=&#8221;#afterVideo&#8221; button_text=&#8221;.&#8221; admin_label=&#8221;Bouton&#8221; module_class=&#8221;videoDown&#8221; _builder_version=&#8221;4.19.0&#8243; _module_preset=&#8221;default&#8221; global_colors_info=&#8221;{}&#8221;][\/et_pb_button][\/et_pb_column][\/et_pb_row][\/et_pb_section][et_pb_section fb_built=&#8221;1&#8243; module_id=&#8221;afterVideo&#8221; _builder_version=&#8221;4.19.0&#8243; _module_preset=&#8221;default&#8221; custom_padding=&#8221;||20px||false|false&#8221; global_colors_info=&#8221;{}&#8221;][et_pb_row column_structure=&#8221;1_2,1_2&#8243; use_custom_gutter=&#8221;on&#8221; gutter_width=&#8221;1&#8243; custom_padding_last_edited=&#8221;on|phone&#8221; _builder_version=&#8221;4.19.0&#8243; _module_preset=&#8221;default&#8221; width=&#8221;80%&#8221; width_tablet=&#8221;85%&#8221; width_phone=&#8221;85%&#8221; width_last_edited=&#8221;on|tablet&#8221; module_alignment=&#8221;right&#8221; custom_margin=&#8221;0px||||false|false&#8221; custom_padding=&#8221;||||false|false&#8221; custom_padding_tablet=&#8221;|0%||0%|false|true&#8221; custom_padding_phone=&#8221;||||false|true&#8221; module_alignment_tablet=&#8221;center&#8221; module_alignment_phone=&#8221;center&#8221; module_alignment_last_edited=&#8221;on|desktop&#8221; custom_css_main_element=&#8221;display: flex;||align-items: center;&#8221; global_colors_info=&#8221;{}&#8221; custom_css_main_element_last_edited=&#8221;on|phone&#8221; custom_css_main_element_tablet=&#8221; &#8221; custom_css_main_element_phone=&#8221; &#8220;][et_pb_column type=&#8221;1_2&#8243; _builder_version=&#8221;4.19.0&#8243; _module_preset=&#8221;default&#8221; global_colors_info=&#8221;{}&#8221;][et_pb_text module_class=&#8221;becasse_2&#8243; _builder_version=&#8221;4.19.0&#8243; _module_preset=&#8221;default&#8221; text_text_color=&#8221;#84827B&#8221; width=&#8221;63%&#8221; width_tablet=&#8221;63%&#8221; width_phone=&#8221;100%&#8221; width_last_edited=&#8221;on|phone&#8221; custom_padding=&#8221;||||false|false&#8221; custom_padding_tablet=&#8221;||||false|false&#8221; custom_padding_phone=&#8221;0px||||false|false&#8221; custom_padding_last_edited=&#8221;on|desktop&#8221; global_colors_info=&#8221;{}&#8221;]<\/p>\n<h6><span style=\"color: #a8795c;\">For love of earth<\/span><\/h6>\n<h2>Organic and Biodynamic vineyard.<\/h2>\n<p><strong>A story of passion<\/strong><\/p>\n<p>Domaine de la Mordor\u00e9e is located in TAVEL, in the southern Rh\u00f4ne valley. Created in 1986 by Francis Delorme and his son Christophe.<\/p>\n<p>The family business owes its fame to Christophe Delorme, who has raised the Domaine to the level of the greatest. Madeleine &amp; Ambre their daughter manage the company since 2016 with the team in place.<\/p>\n<p>[\/et_pb_text][et_pb_button button_url=&#8221;@ET-DC@eyJkeW5hbWljIjp0cnVlLCJjb250ZW50IjoicG9zdF9saW5rX3VybF9wYWdlIiwic2V0dGluZ3MiOnsicG9zdF9pZCI6IjgwMDIifX0=@&#8221; button_text=&#8221;Discover the domaine&#8221; button_alignment=&#8221;left&#8221; _builder_version=&#8221;4.19.0&#8243; _dynamic_attributes=&#8221;button_url&#8221; _module_preset=&#8221;default&#8221; custom_margin=&#8221;20px||||false|false&#8221; custom_margin_tablet=&#8221;||25px||false|false&#8221; custom_margin_phone=&#8221;20px||25px||false|false&#8221; custom_margin_last_edited=&#8221;on|tablet&#8221; custom_padding=&#8221;10px|19px|10px|19px|true|true&#8221; button_text_color_tablet=&#8221;#84827B&#8221; button_text_color_phone=&#8221;#84827B&#8221; button_text_color_last_edited=&#8221;on|desktop&#8221; global_colors_info=&#8221;{}&#8221; button_text_color__hover_enabled=&#8221;on|hover&#8221; button_text_color__hover=&#8221;&#8221;][\/et_pb_button][\/et_pb_column][et_pb_column type=&#8221;1_2&#8243; _builder_version=&#8221;4.19.0&#8243; _module_preset=&#8221;default&#8221; global_colors_info=&#8221;{}&#8221;][et_pb_image src=&#8221;http:\/\/domaine-mordoree.demo-ca.biz\/wp-content\/uploads\/2022\/12\/madeleinetambre.jpg&#8221; alt=&#8221;Madeleine et ambre Delorme Domaine de la Mordor\u00e9e&#8221; title_text=&#8221;madeleinetambre&#8221; align=&#8221;right&#8221; _builder_version=&#8221;4.19.0&#8243; _module_preset=&#8221;default&#8221; background_color=&#8221;RGBA(255,255,255,0)&#8221; positioning=&#8221;relative&#8221; custom_margin=&#8221;||||false|false&#8221; custom_padding=&#8221;||||false|false&#8221; scroll_vertical_motion=&#8221;0|20|20|100|2|0|-2&#8243; motion_trigger_start=&#8221;top&#8221; border_color_all=&#8221;RGBA(255,255,255,0)&#8221; global_colors_info=&#8221;{}&#8221;][\/et_pb_image][\/et_pb_column][\/et_pb_row][\/et_pb_section][et_pb_section fb_built=&#8221;1&#8243; custom_padding_last_edited=&#8221;on|tablet&#8221; _builder_version=&#8221;4.19.0&#8243; _module_preset=&#8221;default&#8221; background_image=&#8221;http:\/\/domaine-mordoree.demo-ca.biz\/wp-content\/uploads\/2022\/11\/produits_e-boutique.png&#8221; parallax=&#8221;on&#8221; custom_padding=&#8221;178px||178px||true|false&#8221; custom_padding_tablet=&#8221;100px||100px||true|false&#8221; custom_padding_phone=&#8221;90px||90px||true|false&#8221; scroll_vertical_motion=&#8221;0|20|20|100|2|0|-2&#8243; motion_trigger_start=&#8221;top&#8221; global_colors_info=&#8221;{}&#8221;][et_pb_row _builder_version=&#8221;4.19.0&#8243; _module_preset=&#8221;default&#8221; global_colors_info=&#8221;{}&#8221;][et_pb_column type=&#8221;4_4&#8243; _builder_version=&#8221;4.19.0&#8243; _module_preset=&#8221;default&#8221; global_colors_info=&#8221;{}&#8221;][et_pb_text module_class=&#8221;largeH2&#8243; _builder_version=&#8221;4.19.0&#8243; _module_preset=&#8221;default&#8221; custom_margin=&#8221;||0px||false|false&#8221; global_colors_info=&#8221;{}&#8221;]<\/p>\n<p style=\"text-align: center;\"><span style=\"color: #ffffff;\">OUR WINES<\/span><\/p>\n<h2 style=\"text-align: center;\"><span style=\"color: #ffffff;\">Learn more<br \/>about our wines<\/span><\/h2>\n<p>[\/et_pb_text][et_pb_button button_url=&#8221;@ET-DC@eyJkeW5hbWljIjp0cnVlLCJjb250ZW50IjoicG9zdF9saW5rX3VybF9wYWdlIiwic2V0dGluZ3MiOnsicG9zdF9pZCI6IjgwMjgifX0=@&#8221; button_text=&#8221;Discover all&#8221; module_class=&#8221;customBtnBorderWhite&#8221; _builder_version=&#8221;4.19.0&#8243; _dynamic_attributes=&#8221;button_url&#8221; _module_preset=&#8221;default&#8221; custom_margin=&#8221;-5px||||false|false&#8221; custom_padding=&#8221;10px|19px|10px|19px|true|true&#8221; global_colors_info=&#8221;{}&#8221; button_text_color__hover_enabled=&#8221;on|hover&#8221; button_text_color__hover=&#8221;#FFFFFF&#8221;][\/et_pb_button][\/et_pb_column][\/et_pb_row][\/et_pb_section][et_pb_section fb_built=&#8221;1&#8243; module_class=&#8221;sliderRevolutionHp&#8221; _builder_version=&#8221;4.19.0&#8243; _module_preset=&#8221;default&#8221; custom_margin=&#8221;0px||0px||false|false&#8221; custom_padding=&#8221;0px||0px||false|false&#8221; global_colors_info=&#8221;{}&#8221;][et_pb_row _builder_version=&#8221;4.19.0&#8243; _module_preset=&#8221;default&#8221; custom_margin=&#8221;0px||0px||false|false&#8221; custom_padding=&#8221;0px||0px||false|false&#8221; global_colors_info=&#8221;{}&#8221;][et_pb_column type=&#8221;4_4&#8243; _builder_version=&#8221;4.19.0&#8243; _module_preset=&#8221;default&#8221; global_colors_info=&#8221;{}&#8221;][revslider_divi revslider_divi=&#8221;%91rev_slider alias=%22coffee-shop-split-screen-slider%22 slidertitle=%22Coffee Shop Split Screen Slider%22%93%91\/rev_slider%93&#8243; _builder_version=&#8221;4.19.0&#8243; _module_preset=&#8221;default&#8221; global_colors_info=&#8221;{}&#8221;][\/revslider_divi][\/et_pb_column][\/et_pb_row][\/et_pb_section][et_pb_section fb_built=&#8221;1&#8243; _builder_version=&#8221;4.19.0&#8243; _module_preset=&#8221;default&#8221; custom_padding=&#8221;43px||25px||false|false&#8221; global_colors_info=&#8221;{}&#8221;][et_pb_row _builder_version=&#8221;4.19.0&#8243; _module_preset=&#8221;80d996e2-ed02-4319-b118-163800da9f64&#8243; global_colors_info=&#8221;{}&#8221;][et_pb_column type=&#8221;4_4&#8243; _builder_version=&#8221;4.19.0&#8243; _module_preset=&#8221;default&#8221; global_colors_info=&#8221;{}&#8221;][et_pb_text _builder_version=&#8221;4.19.0&#8243; _module_preset=&#8221;default&#8221; custom_margin=&#8221;||25px||false|false&#8221; global_colors_info=&#8221;{}&#8221;]<\/p>\n<h3>Our news<\/h3>\n<p>[\/et_pb_text][et_pb_blog fullwidth=&#8221;off&#8221; posts_number=&#8221;6&#8243; include_categories=&#8221;all,1&#8243; excerpt_length=&#8221;70&#8243; show_more=&#8221;on&#8221; show_author=&#8221;off&#8221; show_date=&#8221;off&#8221; show_categories=&#8221;off&#8221; show_pagination=&#8221;off&#8221; module_class=&#8221;pa-blog-equal-height&#8221; _builder_version=&#8221;4.19.0&#8243; _module_preset=&#8221;a2d71454-b91a-4f5b-beee-802f1cfde284&#8243; header_font=&#8221;|||on|||||&#8221; read_more_font=&#8221;|700||on|||||&#8221; read_more_text_color=&#8221;#A8795C&#8221; read_more_font_size=&#8221;16px&#8221; read_more_line_height=&#8221;1.6em&#8221; custom_css_main_element=&#8221;min-height: 500px;||height: 100%;&#8221; custom_css_title=&#8221;margin-top: -10px;||margin-bottom: -5px;&#8221; custom_css_content=&#8221;font-size: 16px;&#8221; custom_css_read_more=&#8221;display: block;||text-align: right;&#8221; box_shadow_style=&#8221;preset2&#8243; box_shadow_blur=&#8221;13px&#8221; box_shadow_color=&#8221;rgba(0,0,0,0.23)&#8221; global_colors_info=&#8221;{}&#8221; read_more_text_color__hover_enabled=&#8221;on|desktop&#8221; read_more_text_color__hover=&#8221;#393434&#8243;][\/et_pb_blog][et_pb_button button_url=&#8221;@ET-DC@eyJkeW5hbWljIjp0cnVlLCJjb250ZW50IjoicG9zdF9saW5rX3VybF9wYWdlIiwic2V0dGluZ3MiOnsicG9zdF9pZCI6IjgwNDcifX0=@&#8221; button_text=&#8221;View all news&#8221; button_text_tablet=&#8221;View all news&#8221; button_text_phone=&#8221;View all news&#8221; button_text_last_edited=&#8221;on|desktop&#8221; module_class=&#8221;customBtnBorder&#8221; _builder_version=&#8221;4.19.0&#8243; _dynamic_attributes=&#8221;button_url&#8221; _module_preset=&#8221;default&#8221; button_font=&#8221;||||||||&#8221; custom_margin=&#8221;-20px||||false|false&#8221; custom_margin_tablet=&#8221;-20px||||false|false&#8221; custom_margin_phone=&#8221;0px||||false|false&#8221; custom_margin_last_edited=&#8221;on|phone&#8221; custom_padding=&#8221;10px|30px|10px|30px|true|true&#8221; global_colors_info=&#8221;{}&#8221;][\/et_pb_button][\/et_pb_column][\/et_pb_row][\/et_pb_section][et_pb_section fb_built=&#8221;1&#8243; _builder_version=&#8221;4.19.0&#8243; _module_preset=&#8221;140af1ef-a0e9-453d-82d4-bdc78c2561ea&#8221; width_tablet=&#8221;&#8221; width_phone=&#8221;&#8221; width_last_edited=&#8221;on|phone&#8221; max_width=&#8221;100%&#8221; custom_margin=&#8221;||0px||false|false&#8221; custom_padding=&#8221;0px||0px||false|false&#8221; global_colors_info=&#8221;{}&#8221;][et_pb_row column_structure=&#8221;1_2,1_2&#8243; use_custom_gutter=&#8221;on&#8221; gutter_width=&#8221;1&#8243; make_equal=&#8221;on&#8221; module_class=&#8221;footerBanner&#8221; _builder_version=&#8221;4.19.0&#8243; _module_preset=&#8221;default&#8221; background_color=&#8221;RGBA(255,255,255,0)&#8221; width=&#8221;100%&#8221; min_height=&#8221;612.2px&#8221; custom_padding=&#8221;2px||0px||false|false&#8221; custom_css_main_element=&#8221;display: flex;||align-items: flex-end;||&#8221; global_colors_info=&#8221;{}&#8221; custom_css_main_element_last_edited=&#8221;on|phone&#8221; custom_css_main_element_tablet=&#8221; &#8221; custom_css_main_element_phone=&#8221; &#8220;][et_pb_column type=&#8221;1_2&#8243; _builder_version=&#8221;4.19.0&#8243; _module_preset=&#8221;default&#8221; background_image=&#8221;http:\/\/domaine-mordoree.demo-ca.biz\/wp-content\/uploads\/2022\/12\/La_villa_d-ambre.webp&#8221; background_last_edited=&#8221;on|phone&#8221; background_position_tablet=&#8221;center_left&#8221; background_position_phone=&#8221;center_left&#8221; global_colors_info=&#8221;{}&#8221;][et_pb_text _builder_version=&#8221;4.19.0&#8243; _module_preset=&#8221;default&#8221; max_width=&#8221;60%&#8221; custom_margin=&#8221;15px||15px|70px|false|false&#8221; custom_margin_tablet=&#8221;250px||||false|false&#8221; custom_margin_phone=&#8221;200px|||25px|false|false&#8221; custom_margin_last_edited=&#8221;on|tablet&#8221; custom_css_main_element=&#8221;min-height: 450px;||display: flex;||align-items: flex-end;&#8221; global_colors_info=&#8221;{}&#8221; custom_css_main_element_last_edited=&#8221;on|desktop&#8221; custom_css_main_element_tablet=&#8221;min-height: 450px;||display: flex;||align-items: flex-end;&#8221; custom_css_main_element_phone=&#8221;min-height: 450px;||display: flex;||align-items: flex-end;&#8221;]<\/p>\n<h2><span style=\"color: #ffffff;\">The Villa d\u2019Ambre<\/span><\/h2>\n<p><span style=\"color: #ffffff;\">Stay in the Villa d&#8217;Ambre in Tavel, 10 minutes from Avignon and enjoy the 360\u00b0 view of the Ventoux and the swimming pool with your family or friends (max 12 people)<\/span><\/p>\n<p>[\/et_pb_text][et_pb_button button_url=&#8221;\/en\/la-villa\/&#8221; button_text=&#8221;Book The Villa&#8221; button_alignment=&#8221;left&#8221; module_class=&#8221;customBtnBorderWhite&#8221; _builder_version=&#8221;4.19.0&#8243; _module_preset=&#8221;default&#8221; custom_margin=&#8221;0px||70px|70px|false|false&#8221; custom_margin_tablet=&#8221;0px||70px|70px|false|false&#8221; custom_margin_phone=&#8221;||70px|25px|false|false&#8221; custom_margin_last_edited=&#8221;on|phone&#8221; custom_padding=&#8221;10px|19px|10px|19px|true|true&#8221; global_colors_info=&#8221;{}&#8221;][\/et_pb_button][\/et_pb_column][et_pb_column type=&#8221;1_2&#8243; _builder_version=&#8221;4.19.0&#8243; _module_preset=&#8221;default&#8221; background_image=&#8221;http:\/\/domaine-mordoree.demo-ca.biz\/wp-content\/uploads\/2022\/12\/La_villa_d-ambre2.webp&#8221; global_colors_info=&#8221;{}&#8221;][et_pb_text _builder_version=&#8221;4.19.0&#8243; _module_preset=&#8221;default&#8221; max_width=&#8221;60%&#8221; custom_margin=&#8221;15px||15px|70px|false|false&#8221; custom_margin_tablet=&#8221;250px||||false|false&#8221; custom_margin_phone=&#8221;200px|||25px|false|false&#8221; custom_margin_last_edited=&#8221;on|tablet&#8221; custom_css_main_element=&#8221;min-height: 450px;||display: flex;||align-items: flex-end;&#8221; global_colors_info=&#8221;{}&#8221; custom_css_main_element_last_edited=&#8221;on|desktop&#8221; custom_css_main_element_tablet=&#8221;min-height: 450px;||display: flex;||align-items: flex-end;&#8221; custom_css_main_element_phone=&#8221;min-height: 450px;||display: flex;||align-items: flex-end;&#8221;]<\/p>\n<h2><span style=\"color: #ffffff;\">Visit the domaine<\/span><\/h2>\n<p><span style=\"color: #ffffff;\">Visit the estate shop from Monday to Saturday for a tasting of our vintages and discover our selection of delicatessen products. We also offer an escape to the heart of the vineyard.<\/span>[\/et_pb_text][et_pb_button button_url=&#8221;\/en\/visit-us\/&#8221; button_text=&#8221;VIEW ACTIVITIES&#8221; button_alignment=&#8221;left&#8221; module_class=&#8221;customBtnBorderWhite&#8221; _builder_version=&#8221;4.19.0&#8243; _module_preset=&#8221;default&#8221; custom_margin=&#8221;15px||70px|70px|false|false&#8221; custom_margin_tablet=&#8221;15px||70px|70px|false|false&#8221; custom_margin_phone=&#8221;|||25px|false|false&#8221; custom_margin_last_edited=&#8221;on|phone&#8221; custom_padding=&#8221;10px|19px|10px|19px|true|true&#8221; global_colors_info=&#8221;{}&#8221;][\/et_pb_button][\/et_pb_column][\/et_pb_row][\/et_pb_section]<\/p>\n","protected":false},"excerpt":{"rendered":"<p>Le Domaine de la Mordor\u00e9e est situ\u00e9 \u00e0 TAVEL, en vall\u00e9e du Rh\u00f4ne Sud et produit quelques-uns des plus grands crus de la Vall\u00e9e du Rh\u00f4ne.<\/p>\n","protected":false},"author":1,"featured_media":7867,"parent":0,"menu_order":0,"comment_status":"closed","ping_status":"closed","template":"","meta":{"_acf_changed":false,"_seopress_robots_primary_cat":"","_seopress_titles_title":"","_seopress_titles_desc":"","_seopress_robots_index":"","_et_pb_use_builder":"on","_et_pb_old_content":"","_et_gb_content_width":"","inline_featured_image":false,"_mbp_gutenberg_autopost":false,"footnotes":""},"class_list":["post-8038","page","type-page","status-publish","has-post-thumbnail","hentry"],"acf":[],"_links":{"self":[{"href":"https:\/\/domaine-mordoree.demo-ca.biz\/en\/wp-json\/wp\/v2\/pages\/8038","targetHints":{"allow":["GET"]}}],"collection":[{"href":"https:\/\/domaine-mordoree.demo-ca.biz\/en\/wp-json\/wp\/v2\/pages"}],"about":[{"href":"https:\/\/domaine-mordoree.demo-ca.biz\/en\/wp-json\/wp\/v2\/types\/page"}],"author":[{"embeddable":true,"href":"https:\/\/domaine-mordoree.demo-ca.biz\/en\/wp-json\/wp\/v2\/users\/1"}],"replies":[{"embeddable":true,"href":"https:\/\/domaine-mordoree.demo-ca.biz\/en\/wp-json\/wp\/v2\/comments?post=8038"}],"version-history":[{"count":2,"href":"https:\/\/domaine-mordoree.demo-ca.biz\/en\/wp-json\/wp\/v2\/pages\/8038\/revisions"}],"predecessor-version":[{"id":9077,"href":"https:\/\/domaine-mordoree.demo-ca.biz\/en\/wp-json\/wp\/v2\/pages\/8038\/revisions\/9077"}],"wp:featuredmedia":[{"embeddable":true,"href":"https:\/\/domaine-mordoree.demo-ca.biz\/en\/wp-json\/wp\/v2\/media\/7867"}],"wp:attachment":[{"href":"https:\/\/domaine-mordoree.demo-ca.biz\/en\/wp-json\/wp\/v2\/media?parent=8038"}],"curies":[{"name":"wp","href":"https:\/\/api.w.org\/{rel}","templated":true}]}}