{"id":9010,"date":"2022-11-17T09:42:17","date_gmt":"2022-11-17T08:42:17","guid":{"rendered":"https:\/\/domaine-mordoree.demo-ca.biz\/?page_id=9010"},"modified":"2023-06-21T11:23:12","modified_gmt":"2023-06-21T09:23:12","slug":"rgpd","status":"publish","type":"page","link":"https:\/\/domaine-mordoree.demo-ca.biz\/en\/rgpd\/","title":{"rendered":"RGPD"},"content":{"rendered":"<p>[et_pb_section fb_built=&#8221;1&#8243; _builder_version=&#8221;4.19.0&#8243; _module_preset=&#8221;default&#8221; global_colors_info=&#8221;{}&#8221;][et_pb_row _builder_version=&#8221;4.19.0&#8243; _module_preset=&#8221;default&#8221; global_colors_info=&#8221;{}&#8221;][et_pb_column type=&#8221;4_4&#8243; _builder_version=&#8221;4.19.0&#8243; _module_preset=&#8221;default&#8221; global_colors_info=&#8221;{}&#8221;][et_pb_text _builder_version=&#8221;4.19.0&#8243; _module_preset=&#8221;default&#8221; hover_enabled=&#8221;0&#8243; global_colors_info=&#8221;{}&#8221; sticky_enabled=&#8221;0&#8243;]<\/p>\n<h1>Cookie management<\/h1>\n<h3>What are cookies?<\/h3>\n<p>Cookies are data stored in a user&#8217;s terminal equipment and used by the site to send information to the user&#8217;s browser, enabling the browser to send information back to the originating site (for example a session identifier, choice of language or date).<br \/>There are session cookies, which disappear as soon as you leave the site, and permanent cookies, which remain on your terminal equipment until their lifetime expires or until you delete them using your browser&#8217;s functions.<br \/>For the duration of the cookie&#8217;s validity, cookies enable status information to be stored when a browser accesses the various pages of a website or when the browser returns to the website at a later date. Only the sender of a cookie can read or modify the information contained in it.<br \/>Cookies do not make it possible to identify an Internet user by name.<br \/>You are informed that, during your visits to the site, cookies may be installed on your terminal equipment.What types of cookies do we use?<br \/>The cookies we use on our site are classified into different categories.<br \/>Strictly necessary cookies (mandatory)<br \/>These cookies are necessary for the operation of the Site. They enable you to browse the Site and use its services and functions. Example: the wd cookie, which detects the screen resolution you are using in order to optimise the display of the site accordingly.)<br \/>Preference cookies (subject to your consent)<br \/>These cookies enable the site to remember your choices in order to provide you with personalised features. For example: your browser uses a cookie to save your passwords or bank details so that you do not have to re-enter them the next time you log on or make a purchase.<br \/>Audience measurement cookies (subject to consent, except under certain conditions)<br \/>These cookies enable us to recognise and measure the number of visitors to our site and also to analyse how visitors navigate the site. We may also use audience measurement cookies without your consent in certain cases, in accordance with the regulations in force.<br \/>Advertising targeting cookies and tracking cookies (subject to your consent)<br \/>These cookies are used to provide you with advertising that is better adapted to your areas of interest. They record your visit to our site, the pages you have consulted and the links you have followed. We use this information to make our site and any advertisements on it as relevant as possible to your interests.<br \/>We may also share this information with partners using third-party cookies. This information will be used by these partners for online advertising purposes, in particular to measure the effectiveness of an advertising campaign, to limit the frequency of distribution (i.e. to limit the number of times you see an advertisement), and for affiliate advertising.<br \/>Social media and content sharing cookies (subject to your consent)<br \/>Our Site may include content hosted by a third-party online content provider (e.g. YouTube) or social media plug-ins.<br \/>The use of these cookies is subject to the privacy policies of these third parties.<br \/>You will find further information on the third-party cookies grouped together in the Table below.<br \/>What types of information can be stored in a cookie?<br \/>The information stored by the cookies placed on your device may relate to the following elements, within the limit of their retention period:<br \/>&#8211; the web pages you have visited using this device ;<br \/>&#8211; the advertisements you have clicked on<br \/>&#8211; the type of browser you are using<br \/>&#8211; your IP address;<br \/>&#8211; usage parameters;<br \/>&#8211; browsing times (website or pages)<br \/>&#8211; data entered<br \/>How long are cookies kept?<br \/>Cookies will remain on your browser for a maximum of 13 months from the time they are placed on your terminal.<br \/>How do I manage cookies?<br \/>You can manage the way we use cookies on our site by changing your cookie preferences at the bottom of this Cookie Notice or by clicking on the Settings button on the home interface.<br \/>Please note that the use of cookies that are strictly necessary for the proper operation of the site does not require your consent. This is why the &#8220;strictly necessary cookies&#8221; option is pre-checked in our cookie management tool and is not optional.<br \/>It is also important to note that by refusing certain types of cookies (preference cookies, for example), you prevent us from optimising your user experience on our site. Example: If you frequently use a site, you will not be able to pre-register your personal data before filling in the contact form.<br \/>You can manage your cookie preferences via your browser settings:<br \/>By way of example, here are links to support for the most commonly used browsers:<br \/>for Internet Explorer\u2122:http:\/\/windows.microsoft.com\/fr-FR\/windows-vista\/Block-or-allow-cookies ;<br \/>for Safari\u2122: https:\/\/support.apple.com\/fr-fr\/guide\/safari\/sfri11471\/mac ;<br \/>for Chrome\u2122: http:\/\/support.google.com\/chrome\/bin\/answer.py?hl=fr&amp;hlrm=en&amp;answer=95647 ;<br \/>for Firefox\u2122: http:\/\/support.mozilla.org\/fr\/kb\/Activer%20et%20d%C3%A9sactiver%20les%20cookies;<br \/>for Opera\u2122 :http:\/\/help.opera.com\/Windows\/10.20\/fr\/cookies.html.<br \/>Please note that by setting your browser to refuse cookies, certain features, pages and areas of the site, which require the use of cookies, will not be accessible, for which we cannot be held responsible.<br \/>To find out more about how to configure your browser software, please visit the website of the Commission nationale de l&#8217;informatique et des libert\u00e9s: https:\/\/www.cnil.fr\/fr\/cookies-les-outils-pour-les-maitriser.<\/p>\n<p>[\/et_pb_text][\/et_pb_column][\/et_pb_row][et_pb_row _builder_version=&#8221;4.19.0&#8243; _module_preset=&#8221;default&#8221; global_colors_info=&#8221;{}&#8221;][et_pb_column type=&#8221;4_4&#8243; _builder_version=&#8221;4.19.0&#8243; _module_preset=&#8221;default&#8221; global_colors_info=&#8221;{}&#8221;][et_pb_text _builder_version=&#8221;4.19.0&#8243; _module_preset=&#8221;default&#8221; hover_enabled=&#8221;0&#8243; global_colors_info=&#8221;{}&#8221; sticky_enabled=&#8221;0&#8243;]<\/p>\n<h3>List of cookies used on our site:<\/h3>\n<table border=\"0\" cellspacing=\"0\">\n<colgroup width=\"20%\"><\/colgroup>\n<colgroup width=\"20%\"><\/colgroup>\n<colgroup width=\"20%\"><\/colgroup>\n<colgroup width=\"20%\"><\/colgroup>\n<colgroup width=\"20%\"><\/colgroup>\n<tbody>\n<tr>\n<td align=\"left\" valign=\"top\" height=\"21\"><b>Nom<\/b><\/td>\n<td align=\"left\" valign=\"top\"><b>Fournisseur<\/b><\/td>\n<td align=\"left\" valign=\"top\"><b>Finalit\u00e9<\/b><\/td>\n<td align=\"left\" valign=\"top\"><b>Expiration<\/b><\/td>\n<td align=\"left\" valign=\"top\"><b>Type<\/b><\/td>\n<\/tr>\n<tr>\n<td align=\"left\" valign=\"top\" height=\"21\">Tarteaucitron<\/td>\n<td align=\"left\" valign=\"top\"><b>https:\/\/tarteaucitron.io<\/b><\/td>\n<td align=\"left\" valign=\"top\">Cookie d&#8217;administration pour la conformit\u00e9 au RGPD<\/td>\n<td align=\"left\" valign=\"top\">1 an<\/td>\n<td align=\"left\" valign=\"top\">cookie essentiel<\/td>\n<\/tr>\n<tr>\n<td align=\"left\" valign=\"top\" height=\"21\">PHPSESSID<\/td>\n<td align=\"left\" valign=\"top\"><b>PHP<\/b><\/td>\n<td align=\"left\" valign=\"top\">Cookie administrateur, les cookies seront ignor\u00e9s<\/td>\n<td align=\"left\" valign=\"top\">session<\/td>\n<td align=\"left\" valign=\"top\">cookie essentiel<\/td>\n<\/tr>\n<tr>\n<td align=\"left\" valign=\"top\" height=\"21\">Google Fonts API<\/td>\n<td align=\"left\" valign=\"top\"><b>Google Fonts https:\/\/policies.google.com\/privacy<\/b><\/td>\n<td align=\"left\" valign=\"top\">l\u2019affichage des polices web OU Demander l\u2019adresse IP de l\u2019utilisateur<\/td>\n<td align=\"left\" valign=\"top\">aucune<\/td>\n<td align=\"left\" valign=\"top\">Tracking<\/td>\n<\/tr>\n<tr>\n<td align=\"left\" valign=\"top\" height=\"21\">rc::c<\/td>\n<td align=\"left\" valign=\"top\"><b>Google reCAPTCHA<\/b><\/td>\n<td align=\"left\" valign=\"top\">Ce cookie est utilis\u00e9 pour distinguer les humains des robots. Ceci est b\u00e9n\u00e9fique pour le site web afin de cr\u00e9er des rapports valides sur l\u2019utilisation du site.<\/td>\n<td align=\"left\" valign=\"top\">session<\/td>\n<td align=\"left\" valign=\"top\">Tracking<\/td>\n<\/tr>\n<tr>\n<td align=\"left\" valign=\"top\" height=\"21\">rc::b<\/td>\n<td align=\"left\" valign=\"top\"><b>Google reCAPTCHA<\/b><\/td>\n<td align=\"left\" valign=\"top\">Ce cookie est utilis\u00e9 pour distinguer les humains des robots. Ceci est b\u00e9n\u00e9fique pour le site web afin de cr\u00e9er des rapports valides sur l\u2019utilisation du site.<\/td>\n<td align=\"left\" valign=\"top\">Session<\/td>\n<td align=\"left\" valign=\"top\">Marketing<\/td>\n<\/tr>\n<tr>\n<td align=\"left\" valign=\"top\" height=\"21\">rc::a<\/td>\n<td align=\"left\" valign=\"top\"><b>Google reCAPTCHA<\/b><\/td>\n<td align=\"left\" valign=\"top\">Ce cookie est utilis\u00e9 pour distinguer les humains des robots. Ceci est b\u00e9n\u00e9fique pour le site web afin de cr\u00e9er des rapports valides sur l\u2019utilisation du site.<\/td>\n<td align=\"left\" valign=\"top\">persistant<\/td>\n<td align=\"left\" valign=\"top\">Tracking<\/td>\n<\/tr>\n<tr>\n<td align=\"left\" valign=\"top\" height=\"21\">Google Maps API<\/td>\n<td align=\"left\" valign=\"top\"><b>Google Maps<\/b><\/td>\n<td align=\"left\" valign=\"top\">\u00a0<\/td>\n<td align=\"left\" valign=\"top\">\u00a0<\/td>\n<td align=\"left\" valign=\"top\">\u00a0<\/td>\n<\/tr>\n<tr>\n<td align=\"left\" valign=\"top\" height=\"21\">GPS<\/td>\n<td align=\"left\" valign=\"top\"><b>YouTube<\/b><\/td>\n<td align=\"left\" valign=\"top\">Enregistre un identifiant unique sur les appareils mobiles pour permettre le suivi bas\u00e9 sur la localisation g\u00e9ographique GPS.<\/td>\n<td align=\"left\" valign=\"top\">1 journ\u00e9e<\/td>\n<td align=\"left\" valign=\"top\">Tracking<\/td>\n<\/tr>\n<tr>\n<td align=\"left\" valign=\"top\" height=\"21\">VISITOR_INFO1_LIVE<\/td>\n<td align=\"left\" valign=\"top\"><b>YouTube<\/b><\/td>\n<td align=\"left\" valign=\"top\">ente d\u2019estimer la bande passante des utilisateurs sur des pages avec des vid\u00e9os YouTube int\u00e9gr\u00e9es.<\/td>\n<td align=\"left\" valign=\"top\">179 jours<\/td>\n<td align=\"left\" valign=\"top\">Fonctionnel<\/td>\n<\/tr>\n<tr>\n<td align=\"left\" valign=\"top\" height=\"21\">YSC<\/td>\n<td align=\"left\" valign=\"top\"><b>YouTube<\/b><\/td>\n<td align=\"left\" valign=\"top\">Enregistre un identifiant unique pour conserver des statistiques sur les vid\u00e9os de YouTube vues par l\u2019utilisateur.<\/td>\n<td align=\"left\" valign=\"top\">Session<\/td>\n<td align=\"left\" valign=\"top\">Statistiques<\/td>\n<\/tr>\n<tr>\n<td align=\"left\" valign=\"top\" height=\"21\">PREF<\/td>\n<td align=\"left\" valign=\"top\"><b>YouTube<\/b><\/td>\n<td align=\"left\" valign=\"top\">Enregistre un identifiant unique utilis\u00e9 par Google pour conserver des statistiques sur la fa\u00e7on dont le visiteur utilise des vid\u00e9os YouTube dans diff\u00e9rents sites web.<\/td>\n<td align=\"left\" valign=\"top\">8 mois<\/td>\n<td align=\"left\" valign=\"top\">Statistiques<\/td>\n<\/tr>\n<tr>\n<td align=\"left\" valign=\"top\" height=\"21\">ts_c<\/td>\n<td align=\"left\" valign=\"top\"><b>PayPal<\/b><\/td>\n<td align=\"left\" valign=\"top\">Pr\u00e9venir la fraude<\/td>\n<td align=\"left\" valign=\"top\">3 ans<\/td>\n<td align=\"left\" valign=\"top\">Fonctionnel<\/td>\n<\/tr>\n<tr>\n<td align=\"left\" valign=\"top\" height=\"21\">paypal<\/td>\n<td align=\"left\" valign=\"top\"><b>PayPal<\/b><\/td>\n<td align=\"left\" valign=\"top\">Pr\u00e9venir la fraude<\/td>\n<td align=\"left\" valign=\"top\">persistant<\/td>\n<td align=\"left\" valign=\"top\">Fonctionnel<\/td>\n<\/tr>\n<tr>\n<td align=\"left\" valign=\"top\" height=\"21\">__paypal_storage__<\/td>\n<td align=\"left\" valign=\"top\"><b>PayPal<\/b><\/td>\n<td align=\"left\" valign=\"top\">Collecte des donn\u00e9es personnelles<\/td>\n<td align=\"left\" valign=\"top\">persistant<\/td>\n<td align=\"left\" valign=\"top\">Fonctionnel<\/td>\n<\/tr>\n<tr>\n<td align=\"left\" valign=\"top\" height=\"21\">ts<\/td>\n<td align=\"left\" valign=\"top\"><b>Dailymotion<\/b><\/td>\n<td align=\"left\" valign=\"top\">Lire et partager des vid\u00e9os avec d&#8217;autres utilisateurs<\/td>\n<td align=\"left\" valign=\"top\">session<\/td>\n<td align=\"left\" valign=\"top\">Fonctionnel<\/td>\n<\/tr>\n<tr>\n<td align=\"left\" valign=\"top\" height=\"21\">_js_datr<\/td>\n<td align=\"left\" valign=\"top\"><b>Facebook<\/b><\/td>\n<td align=\"left\" valign=\"top\">les cookies seront ignor\u00e9s<\/td>\n<td align=\"left\" valign=\"top\">2 ans<\/td>\n<td align=\"left\" valign=\"top\">Fonctionnel<\/td>\n<\/tr>\n<tr>\n<td align=\"left\" valign=\"top\" height=\"21\">actppresence<\/td>\n<td align=\"left\" valign=\"top\"><b>Facebook<\/b><\/td>\n<td align=\"left\" valign=\"top\">Les cookies commen\u00e7ant par presence, p ou c act proviennent de Facebook. Ils sont utilis\u00e9s pour optimiser l\u2019offre publicitaire sur Facebook.<\/td>\n<td align=\"left\" valign=\"top\">session<\/td>\n<td align=\"left\" valign=\"top\">Tracking<\/td>\n<\/tr>\n<tr>\n<td align=\"left\" valign=\"top\" height=\"21\">_fbc<\/td>\n<td align=\"left\" valign=\"top\"><b>Facebook<\/b><\/td>\n<td align=\"left\" valign=\"top\">Browser identifier and time stamp\u00a0Identifies browser for login authentication purposes<\/td>\n<td align=\"left\" valign=\"top\">2 ans<\/td>\n<td align=\"left\" valign=\"top\">Tracking<\/td>\n<\/tr>\n<tr>\n<td align=\"left\" valign=\"top\" height=\"21\">fbm*<\/td>\n<td align=\"left\" valign=\"top\"><b>Facebook<\/b><\/td>\n<td align=\"left\" valign=\"top\">Stocker les informations des comptes<\/td>\n<td align=\"left\" valign=\"top\">1 an<\/td>\n<td align=\"left\" valign=\"top\">Tracking<\/td>\n<\/tr>\n<tr>\n<td align=\"left\" valign=\"top\" height=\"21\">xs<\/td>\n<td align=\"left\" valign=\"top\"><b>Facebook<\/b><\/td>\n<td align=\"left\" valign=\"top\">Stocker un ID de session unique<\/td>\n<td align=\"left\" valign=\"top\">3 mois<\/td>\n<td align=\"left\" valign=\"top\">Tracking<\/td>\n<\/tr>\n<tr>\n<td align=\"left\" valign=\"top\" height=\"21\">wd<\/td>\n<td align=\"left\" valign=\"top\"><b>Facebook<\/b><\/td>\n<td align=\"left\" valign=\"top\">D\u00e9termine la r\u00e9solution de l\u2019\u00e9cran<\/td>\n<td align=\"left\" valign=\"top\">1 semaine<\/td>\n<td align=\"left\" valign=\"top\">Fonctionnel<\/td>\n<\/tr>\n<tr>\n<td align=\"left\" valign=\"top\" height=\"21\">fr<\/td>\n<td align=\"left\" valign=\"top\"><b>Facebook<\/b><\/td>\n<td align=\"left\" valign=\"top\">Activation de la diffusion d\u2019annonces et ciblage<\/td>\n<td align=\"left\" valign=\"top\">3 mois<\/td>\n<td align=\"left\" valign=\"top\">Tracking<\/td>\n<\/tr>\n<tr>\n<td align=\"left\" valign=\"top\" height=\"21\">act<\/td>\n<td align=\"left\" valign=\"top\"><b>Facebook<\/b><\/td>\n<td align=\"left\" valign=\"top\">Conserver les utilisateurs connect\u00e9s<\/td>\n<td align=\"left\" valign=\"top\">90 jours<\/td>\n<td align=\"left\" valign=\"top\">Fonctionnel<\/td>\n<\/tr>\n<tr>\n<td align=\"left\" valign=\"top\" height=\"21\">_fbp<\/td>\n<td align=\"left\" valign=\"top\"><b>Facebook<\/b><\/td>\n<td align=\"left\" valign=\"top\">Suivre et enregistrer les visites du site<\/td>\n<td align=\"left\" valign=\"top\">3 mois<\/td>\n<td align=\"left\" valign=\"top\">Tracking<\/td>\n<\/tr>\n<tr>\n<td align=\"left\" valign=\"top\" height=\"21\">datr<\/td>\n<td align=\"left\" valign=\"top\"><b>Facebook<\/b><\/td>\n<td align=\"left\" valign=\"top\">Pr\u00e9venir la fraude<\/td>\n<td align=\"left\" valign=\"top\">2 ans<\/td>\n<td align=\"left\" valign=\"top\">Tracking<\/td>\n<\/tr>\n<tr>\n<td align=\"left\" valign=\"top\" height=\"21\">c_user<\/td>\n<td align=\"left\" valign=\"top\"><b>Facebook<\/b><\/td>\n<td align=\"left\" valign=\"top\">Stocker un ID de session unique<\/td>\n<td align=\"left\" valign=\"top\">90 jours<\/td>\n<td align=\"left\" valign=\"top\">Fonctionnel<\/td>\n<\/tr>\n<tr>\n<td align=\"left\" valign=\"top\" height=\"21\">csm<\/td>\n<td align=\"left\" valign=\"top\"><b>Facebook<\/b><\/td>\n<td align=\"left\" valign=\"top\">Pr\u00e9venir la fraude<\/td>\n<td align=\"left\" valign=\"top\">90 jours<\/td>\n<td align=\"left\" valign=\"top\">Fonctionnel<\/td>\n<\/tr>\n<tr>\n<td align=\"left\" valign=\"top\" height=\"21\">sb<\/td>\n<td align=\"left\" valign=\"top\"><b>Facebook<\/b><\/td>\n<td align=\"left\" valign=\"top\">Stocker les infos du navigateur<\/td>\n<td align=\"left\" valign=\"top\">2 ans<\/td>\n<td align=\"left\" valign=\"top\">Tracking<\/td>\n<\/tr>\n<tr>\n<td align=\"left\" valign=\"top\" height=\"21\">presence<\/td>\n<td align=\"left\" valign=\"top\"><b>Facebook<\/b><\/td>\n<td align=\"left\" valign=\"top\">V\u00e9rifier que l\u2019onglet du navigateur est actif<\/td>\n<td align=\"left\" valign=\"top\">session<\/td>\n<td align=\"left\" valign=\"top\">Fonctionnel<\/td>\n<\/tr>\n<tr>\n<td align=\"left\" valign=\"top\" height=\"21\">*_fbm_<\/td>\n<td align=\"left\" valign=\"top\"><b>Facebook<\/b><\/td>\n<td align=\"left\" valign=\"top\">Stocker les d\u00e9tails du compte<\/td>\n<td align=\"left\" valign=\"top\">1 an<\/td>\n<td align=\"left\" valign=\"top\">Tracking<\/td>\n<\/tr>\n<tr>\n<td align=\"left\" valign=\"top\" height=\"21\">bcookie<\/td>\n<td align=\"left\" valign=\"top\"><b>LinkedIn https:\/\/www.linkedin.com\/legal\/cookie-policy<\/b><\/td>\n<td align=\"left\" valign=\"top\">Stocker les infos du navigateur<\/td>\n<td align=\"left\" valign=\"top\">2 ans<\/td>\n<td align=\"left\" valign=\"top\">Tracking<\/td>\n<\/tr>\n<tr>\n<td align=\"left\" valign=\"top\" height=\"21\">li-oatml<\/td>\n<td align=\"left\" valign=\"top\"><b>LinkedIn<\/b><\/td>\n<td align=\"left\" valign=\"top\">Activer la diffusion d\u2019annonces<\/td>\n<td align=\"left\" valign=\"top\">1 mois<\/td>\n<td align=\"left\" valign=\"top\">Tracking<\/td>\n<\/tr>\n<tr>\n<td align=\"left\" valign=\"top\" height=\"21\">BizographicsOptOut<\/td>\n<td align=\"left\" valign=\"top\"><b>LinkedIn<\/b><\/td>\n<td align=\"left\" valign=\"top\">Ce cookie garde une trace de l\u2019utilisateur qui a d\u00e9sactiv\u00e9 le suivi de LinkedIn.<\/td>\n<td align=\"left\" valign=\"top\">90 jours<\/td>\n<td align=\"left\" valign=\"top\">Fonctionnel<\/td>\n<\/tr>\n<tr>\n<td align=\"left\" valign=\"top\" height=\"21\">li_sugr<\/td>\n<td align=\"left\" valign=\"top\"><b>LinkedIn<\/b><\/td>\n<td align=\"left\" valign=\"top\">Stocker les infos du navigateur<\/td>\n<td align=\"left\" valign=\"top\">3 mois<\/td>\n<td align=\"left\" valign=\"top\">Tracking<\/td>\n<\/tr>\n<tr>\n<td align=\"left\" valign=\"top\" height=\"21\">UserMatchHistory<\/td>\n<td align=\"left\" valign=\"top\"><b>LinkedIn<\/b><\/td>\n<td align=\"left\" valign=\"top\">Activer la diffusion d\u2019annonces<\/td>\n<td align=\"left\" valign=\"top\">1 mois<\/td>\n<td align=\"left\" valign=\"top\">Tracking<\/td>\n<\/tr>\n<tr>\n<td align=\"left\" valign=\"top\" height=\"21\">linkedin_oauth_<\/td>\n<td align=\"left\" valign=\"top\"><b>LinkedIn<\/b><\/td>\n<td align=\"left\" valign=\"top\">to provide functions across pages<\/td>\n<td align=\"left\" valign=\"top\">session<\/td>\n<td align=\"left\" valign=\"top\">Fonctionnel<\/td>\n<\/tr>\n<tr>\n<td align=\"left\" valign=\"top\" height=\"21\">lidc<\/td>\n<td align=\"left\" valign=\"top\"><b>LinkedIn<\/b><\/td>\n<td align=\"left\" valign=\"top\">Enregistrer les actions sur le site<\/td>\n<td align=\"left\" valign=\"top\">1 jour<\/td>\n<td align=\"left\" valign=\"top\">Tracking<\/td>\n<\/tr>\n<tr>\n<td align=\"left\" valign=\"top\" height=\"21\">bscookie<\/td>\n<td align=\"left\" valign=\"top\"><b>LinkedIn<\/b><\/td>\n<td align=\"left\" valign=\"top\">Enregistrer les actions sur le site<\/td>\n<td align=\"left\" valign=\"top\">2 ans<\/td>\n<td align=\"left\" valign=\"top\">Tracking<\/td>\n<\/tr>\n<tr>\n<td align=\"left\" valign=\"top\" height=\"21\">X-LI-IDC<\/td>\n<td align=\"left\" valign=\"top\"><b>LinkedIn<\/b><\/td>\n<td align=\"left\" valign=\"top\">to provide functions across pages<\/td>\n<td align=\"left\" valign=\"top\">session<\/td>\n<td align=\"left\" valign=\"top\">Tracking<\/td>\n<\/tr>\n<\/tbody>\n<\/table>\n<p>[\/et_pb_text][\/et_pb_column][\/et_pb_row][\/et_pb_section]<\/p>\n","protected":false},"excerpt":{"rendered":"<p>Cookie management What are cookies? Cookies are data stored in a user&#8217;s terminal equipment and used by the site to send information to the user&#8217;s browser, enabling the browser to send information back to the originating site (for example a session identifier, choice of language or date).There are session cookies, which disappear as soon as [&hellip;]<\/p>\n","protected":false},"author":4,"featured_media":0,"parent":0,"menu_order":0,"comment_status":"closed","ping_status":"closed","template":"","meta":{"_acf_changed":false,"_seopress_robots_primary_cat":"","_seopress_titles_title":"","_seopress_titles_desc":"","_seopress_robots_index":"","_et_pb_use_builder":"on","_et_pb_old_content":"","_et_gb_content_width":"","inline_featured_image":false,"_mbp_gutenberg_autopost":false,"footnotes":""},"class_list":["post-9010","page","type-page","status-publish","hentry"],"acf":[],"_links":{"self":[{"href":"https:\/\/domaine-mordoree.demo-ca.biz\/en\/wp-json\/wp\/v2\/pages\/9010","targetHints":{"allow":["GET"]}}],"collection":[{"href":"https:\/\/domaine-mordoree.demo-ca.biz\/en\/wp-json\/wp\/v2\/pages"}],"about":[{"href":"https:\/\/domaine-mordoree.demo-ca.biz\/en\/wp-json\/wp\/v2\/types\/page"}],"author":[{"embeddable":true,"href":"https:\/\/domaine-mordoree.demo-ca.biz\/en\/wp-json\/wp\/v2\/users\/4"}],"replies":[{"embeddable":true,"href":"https:\/\/domaine-mordoree.demo-ca.biz\/en\/wp-json\/wp\/v2\/comments?post=9010"}],"version-history":[{"count":2,"href":"https:\/\/domaine-mordoree.demo-ca.biz\/en\/wp-json\/wp\/v2\/pages\/9010\/revisions"}],"predecessor-version":[{"id":9174,"href":"https:\/\/domaine-mordoree.demo-ca.biz\/en\/wp-json\/wp\/v2\/pages\/9010\/revisions\/9174"}],"wp:attachment":[{"href":"https:\/\/domaine-mordoree.demo-ca.biz\/en\/wp-json\/wp\/v2\/media?parent=9010"}],"curies":[{"name":"wp","href":"https:\/\/api.w.org\/{rel}","templated":true}]}}